{"id":132,"date":"2025-04-12T17:39:47","date_gmt":"2025-04-12T15:39:47","guid":{"rendered":"https:\/\/agreg-speciale.ovh\/?page_id=132"},"modified":"2025-06-08T22:01:44","modified_gmt":"2025-06-08T20:01:44","slug":"17-interferences-a-deux-ondes-en-optique","status":"publish","type":"page","link":"https:\/\/agreg-speciale.ovh\/index.php\/17-interferences-a-deux-ondes-en-optique\/","title":{"rendered":"LP-17 Interf\u00e9rences \u00e0 deux ondes en optique"},"content":{"rendered":"\n<p><a href=\"https:\/\/agreg-speciale.ovh\/wp-content\/uploads\/2025\/05\/LP_2033_20Interf_E9rences_20_E0_20deux_20ondes.pdf\" data-type=\"attachment\" data-id=\"359\" target=\"_blank\" rel=\"noreferrer noopener\">17- Le\u00e7on bien faite<\/a><br>17- Slides<br><a href=\"https:\/\/agreg-speciale.ovh\/wp-content\/uploads\/2025\/06\/Interference_deux_ondes.pdf\" data-type=\"attachment\" data-id=\"388\" target=\"_blank\" rel=\"noreferrer noopener\">17- Notes<\/a><br><a href=\"https:\/\/agreg-speciale.ovh\/wp-content\/uploads\/2025\/05\/Interference_deux_ondes_manip.pdf\" data-type=\"attachment\" data-id=\"356\" target=\"_blank\" rel=\"noreferrer noopener\">17- Manip<\/a><br><a href=\"https:\/\/agreg-speciale.ovh\/wp-content\/uploads\/2025\/04\/17-notes-Intefereometrie-stellaire.pdf\" data-type=\"attachment\" data-id=\"134\" target=\"_blank\" rel=\"noreferrer noopener\">17 &#8211; Notes, interf\u00e9rom\u00e9trie stellaire<\/a><\/p>\n\n\n\n<p><\/p>\n","protected":false},"excerpt":{"rendered":"<p>17- Le\u00e7on bien faite17- Slides17- Notes17- Manip17 &#8211; Notes, interf\u00e9rom\u00e9trie stellaire<\/p>\n","protected":false},"author":1,"featured_media":0,"parent":0,"menu_order":0,"comment_status":"closed","ping_status":"closed","template":"","meta":{"footnotes":""},"class_list":["post-132","page","type-page","status-publish","hentry"],"_links":{"self":[{"href":"https:\/\/agreg-speciale.ovh\/index.php\/wp-json\/wp\/v2\/pages\/132","targetHints":{"allow":["GET"]}}],"collection":[{"href":"https:\/\/agreg-speciale.ovh\/index.php\/wp-json\/wp\/v2\/pages"}],"about":[{"href":"https:\/\/agreg-speciale.ovh\/index.php\/wp-json\/wp\/v2\/types\/page"}],"author":[{"embeddable":true,"href":"https:\/\/agreg-speciale.ovh\/index.php\/wp-json\/wp\/v2\/users\/1"}],"replies":[{"embeddable":true,"href":"https:\/\/agreg-speciale.ovh\/index.php\/wp-json\/wp\/v2\/comments?post=132"}],"version-history":[{"count":7,"href":"https:\/\/agreg-speciale.ovh\/index.php\/wp-json\/wp\/v2\/pages\/132\/revisions"}],"predecessor-version":[{"id":389,"href":"https:\/\/agreg-speciale.ovh\/index.php\/wp-json\/wp\/v2\/pages\/132\/revisions\/389"}],"wp:attachment":[{"href":"https:\/\/agreg-speciale.ovh\/index.php\/wp-json\/wp\/v2\/media?parent=132"}],"curies":[{"name":"wp","href":"https:\/\/api.w.org\/{rel}","templated":true}]}}