{"id":176,"date":"2025-04-15T17:13:21","date_gmt":"2025-04-15T15:13:21","guid":{"rendered":"https:\/\/agreg-speciale.ovh\/?page_id=176"},"modified":"2025-04-26T10:51:36","modified_gmt":"2025-04-26T08:51:36","slug":"lp-22-proprietes-macroscopiques-des-corps-ferromagnetiques-cours","status":"publish","type":"page","link":"https:\/\/agreg-speciale.ovh\/index.php\/lp-22-proprietes-macroscopiques-des-corps-ferromagnetiques-cours\/","title":{"rendered":"LP-22 Propri\u00e9t\u00e9s macroscopiques des corps ferromagn\u00e9tiques-cours"},"content":{"rendered":"\n<p><a href=\"https:\/\/agreg-speciale.ovh\/wp-content\/uploads\/2025\/04\/LP_22_Proprietes_macroscopiques_des_corps_ferromagnetiques_cours.pdf\" data-type=\"attachment\" data-id=\"179\" target=\"_blank\" rel=\"noreferrer noopener\">Le\u00e7on<\/a> (uniquement le montage)<br><a href=\"https:\/\/agreg-speciale.ovh\/wp-content\/uploads\/2025\/LP23\/transfo%20cycle%20hysteresis%20250425.ltp\" data-type=\"link\" data-id=\"https:\/\/agreg-speciale.ovh\/wp-content\/uploads\/2025\/LP23\/250319_transformateur_zaza.ltp\">Code latice<\/a><\/p>\n\n\n\n<p><\/p>\n","protected":false},"excerpt":{"rendered":"<p>Le\u00e7on (uniquement le montage)Code latice<\/p>\n","protected":false},"author":1,"featured_media":0,"parent":0,"menu_order":0,"comment_status":"closed","ping_status":"closed","template":"","meta":{"footnotes":""},"class_list":["post-176","page","type-page","status-publish","hentry"],"_links":{"self":[{"href":"https:\/\/agreg-speciale.ovh\/index.php\/wp-json\/wp\/v2\/pages\/176","targetHints":{"allow":["GET"]}}],"collection":[{"href":"https:\/\/agreg-speciale.ovh\/index.php\/wp-json\/wp\/v2\/pages"}],"about":[{"href":"https:\/\/agreg-speciale.ovh\/index.php\/wp-json\/wp\/v2\/types\/page"}],"author":[{"embeddable":true,"href":"https:\/\/agreg-speciale.ovh\/index.php\/wp-json\/wp\/v2\/users\/1"}],"replies":[{"embeddable":true,"href":"https:\/\/agreg-speciale.ovh\/index.php\/wp-json\/wp\/v2\/comments?post=176"}],"version-history":[{"count":4,"href":"https:\/\/agreg-speciale.ovh\/index.php\/wp-json\/wp\/v2\/pages\/176\/revisions"}],"predecessor-version":[{"id":271,"href":"https:\/\/agreg-speciale.ovh\/index.php\/wp-json\/wp\/v2\/pages\/176\/revisions\/271"}],"wp:attachment":[{"href":"https:\/\/agreg-speciale.ovh\/index.php\/wp-json\/wp\/v2\/media?parent=176"}],"curies":[{"name":"wp","href":"https:\/\/api.w.org\/{rel}","templated":true}]}}