{"id":64,"date":"2025-03-31T14:23:08","date_gmt":"2025-03-31T12:23:08","guid":{"rendered":"https:\/\/agreg-speciale.ovh\/?page_id=64"},"modified":"2025-04-01T20:57:46","modified_gmt":"2025-04-01T18:57:46","slug":"lp-24-phenomenes-de-resonance","status":"publish","type":"page","link":"https:\/\/agreg-speciale.ovh\/index.php\/lp-24-phenomenes-de-resonance\/","title":{"rendered":"LP-24 Ph\u00e9nom\u00e8nes de r\u00e9sonance"},"content":{"rendered":"\n<p><a href=\"https:\/\/agreg-speciale.ovh\/wp-content\/uploads\/2025\/04\/LP_24_Phenomenes_de_resonance___cours.pdf\" data-type=\"attachment\" data-id=\"68\" target=\"_blank\" rel=\"noreferrer noopener\">24 &#8211; cours<\/a><br><a href=\"https:\/\/agreg-speciale.ovh\/wp-content\/uploads\/2025\/04\/LP_24_Phenomenes_de_resonance___slides.pdf\" data-type=\"attachment\" data-id=\"67\" target=\"_blank\" rel=\"noreferrer noopener\">24 &#8211; slides<\/a><br><a href=\"https:\/\/agreg-speciale.ovh\/wp-content\/uploads\/2025\/04\/24-notes.pdf\" data-type=\"attachment\" data-id=\"69\" target=\"_blank\" rel=\"noreferrer noopener\">24 &#8211; notes<\/a><\/p>\n\n\n\n<p><\/p>\n","protected":false},"excerpt":{"rendered":"<p>24 &#8211; cours24 &#8211; slides24 &#8211; notes<\/p>\n","protected":false},"author":1,"featured_media":0,"parent":0,"menu_order":0,"comment_status":"closed","ping_status":"closed","template":"","meta":{"footnotes":""},"class_list":["post-64","page","type-page","status-publish","hentry"],"_links":{"self":[{"href":"https:\/\/agreg-speciale.ovh\/index.php\/wp-json\/wp\/v2\/pages\/64","targetHints":{"allow":["GET"]}}],"collection":[{"href":"https:\/\/agreg-speciale.ovh\/index.php\/wp-json\/wp\/v2\/pages"}],"about":[{"href":"https:\/\/agreg-speciale.ovh\/index.php\/wp-json\/wp\/v2\/types\/page"}],"author":[{"embeddable":true,"href":"https:\/\/agreg-speciale.ovh\/index.php\/wp-json\/wp\/v2\/users\/1"}],"replies":[{"embeddable":true,"href":"https:\/\/agreg-speciale.ovh\/index.php\/wp-json\/wp\/v2\/comments?post=64"}],"version-history":[{"count":3,"href":"https:\/\/agreg-speciale.ovh\/index.php\/wp-json\/wp\/v2\/pages\/64\/revisions"}],"predecessor-version":[{"id":70,"href":"https:\/\/agreg-speciale.ovh\/index.php\/wp-json\/wp\/v2\/pages\/64\/revisions\/70"}],"wp:attachment":[{"href":"https:\/\/agreg-speciale.ovh\/index.php\/wp-json\/wp\/v2\/media?parent=64"}],"curies":[{"name":"wp","href":"https:\/\/api.w.org\/{rel}","templated":true}]}}