{"id":7,"date":"2025-03-21T09:41:30","date_gmt":"2025-03-21T08:41:30","guid":{"rendered":"http:\/\/agreg-speciale.ovh\/?page_id=7"},"modified":"2025-06-09T05:37:11","modified_gmt":"2025-06-09T03:37:11","slug":"lecons-de-physique","status":"publish","type":"page","link":"https:\/\/agreg-speciale.ovh\/index.php\/lecons-de-physique\/","title":{"rendered":"Le\u00e7ons de physique"},"content":{"rendered":"\n<ul class=\"wp-block-list\">\n<li><a href=\"https:\/\/agreg-speciale.ovh\/index.php\/01-gravitation\/\" data-type=\"page\" data-id=\"111\">01 Gravitation<\/a><\/li>\n\n\n\n<li><a href=\"http:\/\/agreg-speciale.ovh\/index.php\/02-lois-de-conservation-en-dynamique\/\" data-type=\"page\" data-id=\"10\">02 Lois de conservation en dynamique<\/a><\/li>\n\n\n\n<li><a href=\"https:\/\/agreg-speciale.ovh\/index.php\/lp03-notion-de-viscosite-dun-fluide-ecoulements-visqueux\/\" data-type=\"page\" data-id=\"91\">03 Notion de viscosit\u00e9 d&#8217;un fluide. \u00c9coulements visqueux<\/a><\/li>\n\n\n\n<li><a href=\"https:\/\/agreg-speciale.ovh\/index.php\/lp-05-phenomenes-interfaciaux-impliquant-des-fluides-cours\/\" data-type=\"page\" data-id=\"74\">05 Ph\u00e9nom\u00e8nes interfaciaux impliquant des fluides<\/a><\/li>\n\n\n\n<li><a href=\"https:\/\/agreg-speciale.ovh\/index.php\/06-premier-principe-de-la-thermodynamique\/\" data-type=\"page\" data-id=\"44\">06 Premier principe de la thermodynamique<\/a><\/li>\n\n\n\n<li><a href=\"https:\/\/agreg-speciale.ovh\/?page_id=391\" data-type=\"page\" data-id=\"391\" target=\"_blank\" rel=\"noreferrer noopener\">07 Phenomenes Transport<\/a><\/li>\n\n\n\n<li><a href=\"https:\/\/agreg-speciale.ovh\/index.php\/09-conversion-de-puissance-electromecanique\/\" data-type=\"page\" data-id=\"106\">09 Conversion de puissance \u00e9lectrom\u00e9canique<\/a><\/li>\n\n\n\n<li><a href=\"https:\/\/agreg-speciale.ovh\/?page_id=340\" data-type=\"page\" data-id=\"340\">10 Induction electromagnetique<\/a><\/li>\n\n\n\n<li><a href=\"https:\/\/agreg-speciale.ovh\/index.php\/23-traitement-dun-signal-etude-spectrale\/\" data-type=\"page\" data-id=\"37\">12 Traitement d&#8217;un signal. Etude spectrale<\/a><\/li>\n\n\n\n<li><a href=\"https:\/\/agreg-speciale.ovh\/?page_id=367\" data-type=\"page\" data-id=\"367\" target=\"_blank\" rel=\"noreferrer noopener\">13 Ondes progressives. Ondes stationnaires.<\/a><\/li>\n\n\n\n<li><a href=\"https:\/\/agreg-speciale.ovh\/?page_id=370\" data-type=\"page\" data-id=\"370\" target=\"_blank\" rel=\"noreferrer noopener\">15 Propagation guidee d&#8217;ondes<\/a><\/li>\n\n\n\n<li><a href=\"https:\/\/agreg-speciale.ovh\/?page_id=397\" data-type=\"page\" data-id=\"397\" target=\"_blank\" rel=\"noreferrer noopener\">16 Microscopie<\/a><\/li>\n\n\n\n<li><a href=\"https:\/\/agreg-speciale.ovh\/index.php\/17-interferences-a-deux-ondes-en-optique\/\" data-type=\"page\" data-id=\"132\">17 Interf\u00e9rences \u00e0 deux ondes en optique<\/a><\/li>\n\n\n\n<li><a href=\"https:\/\/agreg-speciale.ovh\/index.php\/lp-18-interferometrie-a-division-damplitude\/\" data-type=\"page\" data-id=\"249\">18 Interf\u00e9rom\u00e9trie \u00e0 division d&#8217;amplitude<\/a><\/li>\n\n\n\n<li><a href=\"https:\/\/agreg-speciale.ovh\/index.php\/lp-19-diffraction-de-fraunhofer\/\" data-type=\"page\" data-id=\"238\">19 Diffraction de Fraunhofer<\/a><\/li>\n\n\n\n<li><a href=\"https:\/\/agreg-speciale.ovh\/index.php\/lp-20-diffraction-par-des-structures-periodiques\/\" data-type=\"page\" data-id=\"257\">20 Diffraction par des structures p\u00e9riodiques<\/a><\/li>\n\n\n\n<li><a href=\"https:\/\/agreg-speciale.ovh\/index.php\/lp-21-absorption-et-emission-de-la-lumiere-cours\/\" data-type=\"page\" data-id=\"278\">21 Absorption et \u00e9mission de la lumi\u00e8re<\/a><\/li>\n\n\n\n<li><a href=\"https:\/\/agreg-speciale.ovh\/index.php\/lp-22-proprietes-macroscopiques-des-corps-ferromagnetiques-cours\/\" data-type=\"page\" data-id=\"176\">22 Propri\u00e9t\u00e9s macroscopiques des corps ferromagn\u00e9tiques-cours<\/a><\/li>\n\n\n\n<li><a href=\"https:\/\/agreg-speciale.ovh\/index.php\/23mecanismes-de-la-conduction-electrique-dans-les-solides\/\" data-type=\"page\" data-id=\"50\">23 M\u00e9canismes de la conduction \u00e9lectrique dans les solides<\/a><\/li>\n\n\n\n<li><a href=\"https:\/\/agreg-speciale.ovh\/index.php\/lp-24-phenomenes-de-resonance\/\" data-type=\"page\" data-id=\"64\" target=\"_blank\" rel=\"noreferrer noopener\">24 Ph\u00e9nom\u00e8nes de r\u00e9sonance<\/a><\/li>\n\n\n\n<li><a href=\"https:\/\/agreg-speciale.ovh\/index.php\/lp-25-oscillateurs_portraits_nonlinearites\/\" data-type=\"page\" data-id=\"349\" target=\"_blank\" rel=\"noreferrer noopener\">25 Oscillateurs_portraits_non_linearite<\/a><\/li>\n\n\n\n<li><a href=\"https:\/\/agreg-speciale.ovh\/index.php\/lp-27-effet-tunnel\/\" data-type=\"page\" data-id=\"285\">27 Effet tunnel<\/a><\/li>\n<\/ul>\n\n\n\n<p>R\u00e9f\u00e9rences Le\u00e7ons<br>Site R\u00e9my Gereau avec toutes les le\u00e7ons <a href=\"https:\/\/agreg-remigereau.e-monsite.com\/pages\/lecon-de-physique\/\" data-type=\"link\" data-id=\"https:\/\/agreg-remigereau.e-monsite.com\/pages\/lecon-de-physique\/lp-23-traitement-d-un-signal-etude-spectrale.html\" target=\"_blank\" rel=\"noreferrer noopener\">ici<\/a> <br>Toutes les le\u00e7on de Marchetti <a href=\"https:\/\/marchettibenjamin.wordpress.com\/wp-content\/uploads\/2019\/05\/lecon_physique_marchetti.pdf\" data-type=\"link\" data-id=\"https:\/\/marchettibenjamin.wordpress.com\/wp-content\/uploads\/2019\/05\/lecon_physique_marchetti.pdf\">ici<\/a><\/p>\n\n\n\n<p>R\u00e9f\u00e9rences Cours<br>Femto physiques <a href=\"https:\/\/femto-physique.fr\/\" data-type=\"link\" data-id=\"https:\/\/agreg-remigereau.e-monsite.com\/pages\/lecon-de-physique\/lp-23-traitement-d-un-signal-etude-spectrale.html\" target=\"_blank\" rel=\"noreferrer noopener\">ici<\/a> <br>Sornette <a href=\"https:\/\/joelsornette.fr\/page904.html\" data-type=\"link\" data-id=\"https:\/\/joelsornette.fr\/page904.html\" target=\"_blank\" rel=\"noreferrer noopener\">ici<\/a><br><a href=\"https:\/\/agreg-speciale.ovh\/wp-content\/uploads\/2025\/05\/Physique-pour-lagregation-Jules-Fillette-Julien-Froustey-Hugo-Roussille-2023-De-Boeck.pdf\" data-type=\"attachment\" data-id=\"362\" target=\"_blank\" rel=\"noreferrer noopener\">Livre utile<\/a><\/p>\n\n\n\n<p><a href=\"https:\/\/agregation-physique.org\/sites-accessibles-pendant-les-epreuves-orales\/\" data-type=\"link\" data-id=\"https:\/\/agregation-physique.org\/sites-accessibles-pendant-les-epreuves-orales\/\">Sites accessibles<\/a><br><a href=\"https:\/\/nc.agregation-physique.org\/index.php\/s\/dxcXHB4RWDNMNNY\" data-type=\"link\" data-id=\"https:\/\/nc.agregation-physique.org\/index.php\/s\/dxcXHB4RWDNMNNY\">Document des pr\u00e9pas<\/a><br><a href=\"https:\/\/marchettibenjamin.wordpress.com\/agregation\/programmes-rapports\/\" data-type=\"link\" data-id=\"https:\/\/marchettibenjamin.wordpress.com\/agregation\/programmes-rapports\/\" target=\"_blank\" rel=\"noreferrer noopener\">Programmes BO<\/a> (Tronc commun <a href=\"https:\/\/eduscol.education.fr\/1750\/programmes-et-ressources-en-enseignement-scientifique-voie-g\" data-type=\"link\" data-id=\"https:\/\/eduscol.education.fr\/1750\/programmes-et-ressources-en-enseignement-scientifique-voie-g\" target=\"_blank\" rel=\"noreferrer noopener\">ici<\/a>)<br><\/p>\n\n\n\n<p><\/p>\n\n\n<nav class=\"is-responsive wp-block-navigation is-layout-flex wp-block-navigation-is-layout-flex\" aria-label=\"Navigation\" \n\t\t data-wp-interactive=\"core\/navigation\" data-wp-context='{\"overlayOpenedBy\":{\"click\":false,\"hover\":false,\"focus\":false},\"type\":\"overlay\",\"roleAttribute\":\"\",\"ariaLabel\":\"Menu\"}'><button aria-haspopup=\"dialog\" aria-label=\"Open menu\" class=\"wp-block-navigation__responsive-container-open\" \n\t\t\t\tdata-wp-on--click=\"actions.openMenuOnClick\"\n\t\t\t\tdata-wp-on--keydown=\"actions.handleMenuKeydown\"\n\t\t\t><svg width=\"24\" height=\"24\" xmlns=\"http:\/\/www.w3.org\/2000\/svg\" viewBox=\"0 0 24 24\" aria-hidden=\"true\" focusable=\"false\"><path d=\"M4 7.5h16v1.5H4z\"><\/path><path d=\"M4 15h16v1.5H4z\"><\/path><\/svg><\/button>\n\t\t\t\t<div class=\"wp-block-navigation__responsive-container\"  id=\"modal-1\" \n\t\t\t\tdata-wp-class--has-modal-open=\"state.isMenuOpen\"\n\t\t\t\tdata-wp-class--is-menu-open=\"state.isMenuOpen\"\n\t\t\t\tdata-wp-watch=\"callbacks.initMenu\"\n\t\t\t\tdata-wp-on--keydown=\"actions.handleMenuKeydown\"\n\t\t\t\tdata-wp-on--focusout=\"actions.handleMenuFocusout\"\n\t\t\t\ttabindex=\"-1\"\n\t\t\t>\n\t\t\t\t\t<div class=\"wp-block-navigation__responsive-close\" tabindex=\"-1\">\n\t\t\t\t\t\t<div class=\"wp-block-navigation__responsive-dialog\" \n\t\t\t\tdata-wp-bind--aria-modal=\"state.ariaModal\"\n\t\t\t\tdata-wp-bind--aria-label=\"state.ariaLabel\"\n\t\t\t\tdata-wp-bind--role=\"state.roleAttribute\"\n\t\t\t>\n\t\t\t\t\t\t\t<button aria-label=\"Close menu\" class=\"wp-block-navigation__responsive-container-close\" \n\t\t\t\tdata-wp-on--click=\"actions.closeMenuOnClick\"\n\t\t\t><svg xmlns=\"http:\/\/www.w3.org\/2000\/svg\" viewBox=\"0 0 24 24\" width=\"24\" height=\"24\" aria-hidden=\"true\" focusable=\"false\"><path d=\"m13.06 12 6.47-6.47-1.06-1.06L12 10.94 5.53 4.47 4.47 5.53 10.94 12l-6.47 6.47 1.06 1.06L12 13.06l6.47 6.47 1.06-1.06L13.06 12Z\"><\/path><\/svg><\/button>\n\t\t\t\t\t\t\t<div class=\"wp-block-navigation__responsive-container-content\" \n\t\t\t\tdata-wp-watch=\"callbacks.focusFirstElement\"\n\t\t\t id=\"modal-1-content\">\n\t\t\t\t\t\t\t\t<ul class=\"wp-block-navigation__container is-responsive wp-block-navigation\"><li class=\" wp-block-navigation-item wp-block-navigation-link\"><a class=\"wp-block-navigation-item__content\"  href=\"https:\/\/agreg-speciale.ovh\/index.php\/lecons-de-physique\/\"><span class=\"wp-block-navigation-item__label\">Le\u00e7ons de physique<\/span><\/a><\/li><li class=\" wp-block-navigation-item wp-block-navigation-link\"><a class=\"wp-block-navigation-item__content\"  href=\"https:\/\/agreg-speciale.ovh\/index.php\/lecons-de-chimie\/\"><span class=\"wp-block-navigation-item__label\">Le\u00e7ons de Chimie<\/span><\/a><\/li><li class=\" wp-block-navigation-item wp-block-navigation-link\"><a class=\"wp-block-navigation-item__content\"  href=\"https:\/\/agreg-speciale.ovh\/index.php\"><span class=\"wp-block-navigation-item__label\">HomePage<\/span><\/a><\/li><\/ul>\n\t\t\t\t\t\t\t<\/div>\n\t\t\t\t\t\t<\/div>\n\t\t\t\t\t<\/div>\n\t\t\t\t<\/div><\/nav>\n\n\n<p><\/p>\n","protected":false},"excerpt":{"rendered":"<p>R\u00e9f\u00e9rences Le\u00e7onsSite R\u00e9my Gereau avec toutes les le\u00e7ons ici Toutes les le\u00e7on de Marchetti ici R\u00e9f\u00e9rences CoursFemto physiques ici Sornette iciLivre utile Sites accessiblesDocument des pr\u00e9pasProgrammes BO (Tronc commun ici)<\/p>\n","protected":false},"author":1,"featured_media":0,"parent":0,"menu_order":0,"comment_status":"closed","ping_status":"closed","template":"","meta":{"footnotes":""},"class_list":["post-7","page","type-page","status-publish","hentry"],"_links":{"self":[{"href":"https:\/\/agreg-speciale.ovh\/index.php\/wp-json\/wp\/v2\/pages\/7","targetHints":{"allow":["GET"]}}],"collection":[{"href":"https:\/\/agreg-speciale.ovh\/index.php\/wp-json\/wp\/v2\/pages"}],"about":[{"href":"https:\/\/agreg-speciale.ovh\/index.php\/wp-json\/wp\/v2\/types\/page"}],"author":[{"embeddable":true,"href":"https:\/\/agreg-speciale.ovh\/index.php\/wp-json\/wp\/v2\/users\/1"}],"replies":[{"embeddable":true,"href":"https:\/\/agreg-speciale.ovh\/index.php\/wp-json\/wp\/v2\/comments?post=7"}],"version-history":[{"count":41,"href":"https:\/\/agreg-speciale.ovh\/index.php\/wp-json\/wp\/v2\/pages\/7\/revisions"}],"predecessor-version":[{"id":398,"href":"https:\/\/agreg-speciale.ovh\/index.php\/wp-json\/wp\/v2\/pages\/7\/revisions\/398"}],"wp:attachment":[{"href":"https:\/\/agreg-speciale.ovh\/index.php\/wp-json\/wp\/v2\/media?parent=7"}],"curies":[{"name":"wp","href":"https:\/\/api.w.org\/{rel}","templated":true}]}}